{"id":3621,"date":"2021-01-07T15:22:41","date_gmt":"2021-01-07T22:22:41","guid":{"rendered":"https:\/\/utaharts.org\/?page_id=3621"},"modified":"2025-05-11T20:07:23","modified_gmt":"2025-05-12T02:07:23","slug":"art-castle","status":"publish","type":"page","link":"https:\/\/utaharts.org\/es\/art-castle\/","title":{"rendered":"Art Castle"},"content":{"rendered":"<div data-elementor-type=\"wp-page\" data-elementor-id=\"3621\" class=\"elementor elementor-3621\" data-elementor-post-type=\"page\">\n\t\t\t\t\t\t<section data-particle_enable=\"false\" data-particle-mobile-disabled=\"false\" class=\"elementor-section elementor-top-section elementor-element elementor-element-f112058 elementor-section-boxed elementor-section-height-default elementor-section-height-default\" data-id=\"f112058\" data-element_type=\"section\" data-e-type=\"section\">\n\t\t\t\t\t\t<div class=\"elementor-container elementor-column-gap-default\">\n\t\t\t\t\t<div class=\"elementor-column elementor-col-100 elementor-top-column elementor-element elementor-element-cb147da\" data-id=\"cb147da\" data-element_type=\"column\" data-e-type=\"column\">\n\t\t\t<div class=\"elementor-widget-wrap\">\n\t\t\t\t\t\t\t<\/div>\n\t\t<\/div>\n\t\t\t\t\t<\/div>\n\t\t<\/section>\n\t\t\t\t<section data-particle_enable=\"false\" data-particle-mobile-disabled=\"false\" class=\"elementor-section elementor-top-section elementor-element elementor-element-52a68f2 elementor-section-boxed elementor-section-height-default elementor-section-height-default\" data-id=\"52a68f2\" data-element_type=\"section\" data-e-type=\"section\">\n\t\t\t\t\t\t<div class=\"elementor-container elementor-column-gap-default\">\n\t\t\t\t\t<div class=\"elementor-column elementor-col-33 elementor-top-column elementor-element elementor-element-f209b59\" data-id=\"f209b59\" data-element_type=\"column\" data-e-type=\"column\">\n\t\t\t<div class=\"elementor-widget-wrap elementor-element-populated\">\n\t\t\t\t\t\t<div class=\"elementor-element elementor-element-9d5dfef elementor-widget elementor-widget-image\" data-id=\"9d5dfef\" data-element_type=\"widget\" data-e-type=\"widget\" data-widget_type=\"image.default\">\n\t\t\t\t<div class=\"elementor-widget-container\">\n\t\t\t\t\t\t\t\t\t\t\t\t<figure class=\"wp-caption\">\n\t\t\t\t\t\t\t\t\t\t<img fetchpriority=\"high\" decoding=\"async\" width=\"420\" height=\"298\" src=\"https:\/\/utaharts.org\/wp-content\/uploads\/2021\/02\/Black.png\" class=\"attachment-large size-large wp-image-4068\" alt=\"\" srcset=\"https:\/\/utaharts.org\/wp-content\/uploads\/2021\/02\/Black.png 420w, https:\/\/utaharts.org\/wp-content\/uploads\/2021\/02\/Black-300x213.png 300w\" sizes=\"(max-width: 420px) 100vw, 420px\" \/>\t\t\t\t\t\t\t\t\t\t\t<figcaption class=\"widget-image-caption wp-caption-text\">915 W 100 S, Salt Lake City, UT 84104<\/figcaption>\n\t\t\t\t\t\t\t\t\t\t<\/figure>\n\t\t\t\t\t\t\t\t\t<\/div>\n\t\t\t\t<\/div>\n\t\t\t\t\t<\/div>\n\t\t<\/div>\n\t\t\t\t<div class=\"elementor-column elementor-col-33 elementor-top-column elementor-element elementor-element-a4ff16d\" data-id=\"a4ff16d\" data-element_type=\"column\" data-e-type=\"column\">\n\t\t\t<div class=\"elementor-widget-wrap\">\n\t\t\t\t\t\t\t<\/div>\n\t\t<\/div>\n\t\t\t\t<div class=\"elementor-column elementor-col-33 elementor-top-column elementor-element elementor-element-9c27985\" data-id=\"9c27985\" data-element_type=\"column\" data-e-type=\"column\">\n\t\t\t<div class=\"elementor-widget-wrap elementor-element-populated\">\n\t\t\t\t\t\t<div class=\"elementor-element elementor-element-a635c22 elementor-widget elementor-widget-text-editor\" data-id=\"a635c22\" data-element_type=\"widget\" data-e-type=\"widget\" data-widget_type=\"text-editor.default\">\n\t\t\t\t<div class=\"elementor-widget-container\">\n\t\t\t\t\t\t\t\t\t<p><span style=\"color: inherit; font-family: inherit; font-size: 2rem;\">\u00bfQu\u00e9 es el Proyecto Castillo de Arte?<\/span><\/p><ul><li>Preservaci\u00f3n hist\u00f3rica<\/li><li>Centro de Arte Comunitario<\/li><li>Centro de Artes Esc\u00e9nicas<\/li><li>Atracci\u00f3n de arte inmersivo<\/li><li>Jard\u00edn de esculturas<\/li><\/ul>\t\t\t\t\t\t\t\t<\/div>\n\t\t\t\t<\/div>\n\t\t\t\t\t<\/div>\n\t\t<\/div>\n\t\t\t\t\t<\/div>\n\t\t<\/section>\n\t\t\t\t<section data-particle_enable=\"false\" data-particle-mobile-disabled=\"false\" class=\"elementor-section elementor-top-section elementor-element elementor-element-f329ea2 elementor-section-boxed elementor-section-height-default elementor-section-height-default\" data-id=\"f329ea2\" data-element_type=\"section\" data-e-type=\"section\">\n\t\t\t\t\t\t<div class=\"elementor-container elementor-column-gap-default\">\n\t\t\t\t\t<div class=\"elementor-column elementor-col-100 elementor-top-column elementor-element elementor-element-fb6f671\" data-id=\"fb6f671\" data-element_type=\"column\" data-e-type=\"column\">\n\t\t\t<div class=\"elementor-widget-wrap elementor-element-populated\">\n\t\t\t\t\t\t<div class=\"elementor-element elementor-element-72a7f4f elementor-widget elementor-widget-video\" data-id=\"72a7f4f\" data-element_type=\"widget\" data-e-type=\"widget\" data-settings=\"{&quot;youtube_url&quot;:&quot;https:\\\/\\\/www.youtube.com\\\/watch?v=rQvEaTbhKrM&quot;,&quot;video_type&quot;:&quot;youtube&quot;,&quot;controls&quot;:&quot;yes&quot;}\" data-widget_type=\"video.default\">\n\t\t\t\t<div class=\"elementor-widget-container\">\n\t\t\t\t\t\t\t<div class=\"elementor-wrapper elementor-open-inline\">\n\t\t\t<div class=\"elementor-video\"><\/div>\t\t<\/div>\n\t\t\t\t\t\t<\/div>\n\t\t\t\t<\/div>\n\t\t\t\t\t<\/div>\n\t\t<\/div>\n\t\t\t\t\t<\/div>\n\t\t<\/section>\n\t\t\t\t<section data-particle_enable=\"false\" data-particle-mobile-disabled=\"false\" class=\"elementor-section elementor-top-section elementor-element elementor-element-99c045c elementor-section-boxed elementor-section-height-default elementor-section-height-default\" data-id=\"99c045c\" data-element_type=\"section\" data-e-type=\"section\">\n\t\t\t\t\t\t<div class=\"elementor-container elementor-column-gap-default\">\n\t\t\t\t\t<div class=\"elementor-column elementor-col-50 elementor-top-column elementor-element elementor-element-d3239f5\" data-id=\"d3239f5\" data-element_type=\"column\" data-e-type=\"column\">\n\t\t\t<div class=\"elementor-widget-wrap elementor-element-populated\">\n\t\t\t\t\t\t<div class=\"elementor-element elementor-element-f6651d7 elementor-widget elementor-widget-text-editor\" data-id=\"f6651d7\" data-element_type=\"widget\" data-e-type=\"widget\" data-widget_type=\"text-editor.default\">\n\t\t\t\t<div class=\"elementor-widget-container\">\n\t\t\t\t\t\t\t\t\t<p>The Art Castle es un proyecto de Utah Arts Alliance para adquirir, preservar, renovar y activar la hist\u00f3rica 15th Ward Chapel de 120 a\u00f1os de antig\u00fcedad ubicada en 915 West 100 South para crear un espacio de reuni\u00f3n comunitaria, una atracci\u00f3n de arte inmersiva y una atracci\u00f3n regional. Sorteo para aquellos que deseen experimentar y participar en nuevas formas de arte emergentes. El proyecto Arts Castle ser\u00e1 un impulsor incre\u00edble para el desarrollo econ\u00f3mico y el turismo regional para el estado de Utah.<\/p><h2>HISTORIA DE LA UAA<\/h2><p>Utah Arts Alliance (UAA) se fund\u00f3 en 2003 con la misi\u00f3n de fomentar las artes en todas sus formas para crear una comunidad consciente, empoderada y conectada. La UAA sirve a un promedio de m\u00e1s de 250 000 personas en persona y m\u00e1s de 1 mill\u00f3n de personas a trav\u00e9s de nuestra programaci\u00f3n en l\u00ednea, televisada y de radio anualmente. La UAA es uno de los administradores m\u00e1s importantes de instalaciones culturales independientes en el estado de Utah con siete lugares que incluyen Counterpoint Studios, Alliance Theatre, Arts Hub, Dreamscapes, Urban Arts Gallery, The Cube Maker Space, Art Garden y ahora el nuevo Castillo del Arte. La UAA tambi\u00e9n presenta tres festivales importantes y administra muchos programas y medios de comunicaci\u00f3n en una variedad de campos art\u00edsticos que sirven a la comunidad.<\/p>\t\t\t\t\t\t\t\t<\/div>\n\t\t\t\t<\/div>\n\t\t\t\t\t<\/div>\n\t\t<\/div>\n\t\t\t\t<div class=\"elementor-column elementor-col-50 elementor-top-column elementor-element elementor-element-b62e052\" data-id=\"b62e052\" data-element_type=\"column\" data-e-type=\"column\">\n\t\t\t<div class=\"elementor-widget-wrap elementor-element-populated\">\n\t\t\t\t\t\t<div class=\"elementor-element elementor-element-5c2723d elementor-widget elementor-widget-text-editor\" data-id=\"5c2723d\" data-element_type=\"widget\" data-e-type=\"widget\" data-widget_type=\"text-editor.default\">\n\t\t\t\t<div class=\"elementor-widget-container\">\n\t\t\t\t\t\t\t\t\t<h2>HISTORIA DEL EDIFICIO<\/h2><p>La Capilla Hist\u00f3rica del Distrito 15 es una hermosa capilla antigua similar a un castillo y un ejemplo de la arquitectura neog\u00f3tica victoriana. Fue construido en 1900 y anteriormente se us\u00f3 para el distrito 15 de la Iglesia de Jesucristo de los Santos de los \u00daltimos D\u00edas en Salt Lake City, y la adici\u00f3n del sal\u00f3n cultural al oeste de la capilla se construy\u00f3 en 1931. La iglesia vendi\u00f3 la capilla a fines de la d\u00e9cada de 1960.<\/p><p>Durante los \u00faltimos 40 a\u00f1os, el edificio se ha utilizado como LA East Studios, propiedad de Warner Brothers, una instalaci\u00f3n de estudio de grabaci\u00f3n que se ha utilizado para grabar m\u00fasica para cientos de pel\u00edculas, incluidas Disney's Lion King, Toy Story, Jurassic Park y Wonder Woman. . Muchos artistas populares y de renombre mundial tambi\u00e9n han grabado en esta instalaci\u00f3n durante su tiempo como LA East Studios, incluidos B.B. King, Elton John y Dolly Parton. Despu\u00e9s de que LA East Studios terminara el uso del edificio en enero de 2021, Utah Arts Alliance firm\u00f3 un contrato con el propietario del edificio para comprar el edificio con planes para crear lo que llamamos Art Castle. A partir de julio de 2021, Utah Arts Alliance ha aportado $.5 millones para comprar el edificio.<\/p>\t\t\t\t\t\t\t\t<\/div>\n\t\t\t\t<\/div>\n\t\t\t\t\t<\/div>\n\t\t<\/div>\n\t\t\t\t\t<\/div>\n\t\t<\/section>\n\t\t\t\t<section data-particle_enable=\"false\" data-particle-mobile-disabled=\"false\" class=\"elementor-section elementor-top-section elementor-element elementor-element-21170aa elementor-section-boxed elementor-section-height-default elementor-section-height-default\" data-id=\"21170aa\" data-element_type=\"section\" data-e-type=\"section\">\n\t\t\t\t\t\t<div class=\"elementor-container elementor-column-gap-default\">\n\t\t\t\t\t<div class=\"elementor-column elementor-col-100 elementor-top-column elementor-element elementor-element-49f33e6\" data-id=\"49f33e6\" data-element_type=\"column\" data-e-type=\"column\">\n\t\t\t<div class=\"elementor-widget-wrap elementor-element-populated\">\n\t\t\t\t\t\t<div class=\"elementor-element elementor-element-c2e1875 elementor-widget elementor-widget-image\" data-id=\"c2e1875\" data-element_type=\"widget\" data-e-type=\"widget\" data-widget_type=\"image.default\">\n\t\t\t\t<div class=\"elementor-widget-container\">\n\t\t\t\t\t\t\t\t\t\t\t\t\t\t\t<img decoding=\"async\" width=\"768\" height=\"371\" src=\"https:\/\/utaharts.org\/wp-content\/uploads\/2021\/02\/Art-Castle2.jpg\" class=\"attachment-full size-full wp-image-4077\" alt=\"\" srcset=\"https:\/\/utaharts.org\/wp-content\/uploads\/2021\/02\/Art-Castle2.jpg 768w, https:\/\/utaharts.org\/wp-content\/uploads\/2021\/02\/Art-Castle2-300x145.jpg 300w\" sizes=\"(max-width: 768px) 100vw, 768px\" \/>\t\t\t\t\t\t\t\t\t\t\t\t\t\t\t<\/div>\n\t\t\t\t<\/div>\n\t\t\t\t\t<\/div>\n\t\t<\/div>\n\t\t\t\t\t<\/div>\n\t\t<\/section>\n\t\t\t\t<section data-particle_enable=\"false\" data-particle-mobile-disabled=\"false\" class=\"elementor-section elementor-top-section elementor-element elementor-element-17eda85 elementor-section-boxed elementor-section-height-default elementor-section-height-default\" data-id=\"17eda85\" data-element_type=\"section\" data-e-type=\"section\">\n\t\t\t\t\t\t<div class=\"elementor-container elementor-column-gap-default\">\n\t\t\t\t\t<div class=\"elementor-column elementor-col-50 elementor-top-column elementor-element elementor-element-b0f6af3\" data-id=\"b0f6af3\" data-element_type=\"column\" data-e-type=\"column\">\n\t\t\t<div class=\"elementor-widget-wrap elementor-element-populated\">\n\t\t\t\t\t\t<div class=\"elementor-element elementor-element-fcbdccb elementor-widget elementor-widget-text-editor\" data-id=\"fcbdccb\" data-element_type=\"widget\" data-e-type=\"widget\" data-widget_type=\"text-editor.default\">\n\t\t\t\t<div class=\"elementor-widget-container\">\n\t\t\t\t\t\t\t\t\t<h2>PLAN DE OPERACIONES DE EDIFICACI\u00d3N:<\/h2><p>La UAA utilizar\u00e1 el edificio como un espacio de reuni\u00f3n comunitario muy necesario, utilizando el edificio de la Capilla Hist\u00f3rica para presentar actuaciones, conciertos, proyecciones de pel\u00edculas, presentaciones, arte inmersivo y m\u00e1s.<\/p><p><strong>ATRACCI\u00d3N DE ARTE INMERSIVO:\u00a0<\/strong>Una experiencia art\u00edstica inmersiva ser\u00e1 una caracter\u00edstica \u00fanica del Art Castle. Dentro de esta instalaci\u00f3n, los miembros del p\u00fablico tendr\u00e1n la oportunidad de comprar boletos para participar en una experiencia de arte inmersivo multisensorial, similar a Utah.<\/p><p>Arts Alliance\u2019s Dreamscapes attraction. Immersive art spaces are a global trend of increased demand for multi-sensory, interactive, technological, highly imaginative artworks.<\/p>\t\t\t\t\t\t\t\t<\/div>\n\t\t\t\t<\/div>\n\t\t\t\t\t<\/div>\n\t\t<\/div>\n\t\t\t\t<div class=\"elementor-column elementor-col-50 elementor-top-column elementor-element elementor-element-72e8567\" data-id=\"72e8567\" data-element_type=\"column\" data-e-type=\"column\">\n\t\t\t<div class=\"elementor-widget-wrap elementor-element-populated\">\n\t\t\t\t\t\t<div class=\"elementor-element elementor-element-51e1a3b elementor-widget elementor-widget-text-editor\" data-id=\"51e1a3b\" data-element_type=\"widget\" data-e-type=\"widget\" data-widget_type=\"text-editor.default\">\n\t\t\t\t<div class=\"elementor-widget-container\">\n\t\t\t\t\t\t\t\t\t<p><strong>CENTRO COMUNITARIO DE ARTE:<\/strong> El condado de Salt Lake actualmente necesita instalaciones que apoyen a artistas y creativos y la necesidad de que el p\u00fablico experimente las artes y la cultura. The Art Castle apoyar\u00e1 ambas necesidades, con opciones de alquiler de locales, acceso a arte p\u00fablico y una experiencia de arte inmersiva con artistas locales.<\/p><p><strong>JARD\u00cdN DE ESCULTURAS:<\/strong> El Art Castle contar\u00e1 con un jard\u00edn al aire libre dedicado a la presentaci\u00f3n de esculturas. El jard\u00edn de esculturas ser\u00e1 un lugar seguro y accesible para que la comunidad disfrute del arte y los eventos p\u00fablicos.<\/p><h2>PRESUPUESTO<\/h2><p><strong>GASTOS DE LA FASE 1<\/strong><\/p><ul><li>Compra de Edificios y Propiedades $2.8M<\/li><li>Renovaciones de Accesibilidad $3.2M<\/li><\/ul><p><strong>GASTO TOTAL DE LA FASE 1 $5M<\/strong><\/p>\t\t\t\t\t\t\t\t<\/div>\n\t\t\t\t<\/div>\n\t\t\t\t\t<\/div>\n\t\t<\/div>\n\t\t\t\t\t<\/div>\n\t\t<\/section>\n\t\t\t\t<section data-particle_enable=\"false\" data-particle-mobile-disabled=\"false\" class=\"elementor-section elementor-top-section elementor-element elementor-element-a88e620 elementor-section-boxed elementor-section-height-default elementor-section-height-default\" data-id=\"a88e620\" data-element_type=\"section\" data-e-type=\"section\">\n\t\t\t\t\t\t<div class=\"elementor-container elementor-column-gap-default\">\n\t\t\t\t\t<div class=\"elementor-column elementor-col-100 elementor-top-column elementor-element elementor-element-aa7cdc2\" data-id=\"aa7cdc2\" data-element_type=\"column\" data-e-type=\"column\">\n\t\t\t<div class=\"elementor-widget-wrap elementor-element-populated\">\n\t\t\t\t\t\t<div class=\"elementor-element elementor-element-9ad35d7 elementor-widget-divider--view-line elementor-widget elementor-widget-divider\" data-id=\"9ad35d7\" data-element_type=\"widget\" data-e-type=\"widget\" data-widget_type=\"divider.default\">\n\t\t\t\t<div class=\"elementor-widget-container\">\n\t\t\t\t\t\t\t<div class=\"elementor-divider\">\n\t\t\t<span class=\"elementor-divider-separator\">\n\t\t\t\t\t\t<\/span>\n\t\t<\/div>\n\t\t\t\t\t\t<\/div>\n\t\t\t\t<\/div>\n\t\t\t\t\t<\/div>\n\t\t<\/div>\n\t\t\t\t\t<\/div>\n\t\t<\/section>\n\t\t\t\t<section data-particle_enable=\"false\" data-particle-mobile-disabled=\"false\" class=\"elementor-section elementor-top-section elementor-element elementor-element-846ddb2 elementor-section-boxed elementor-section-height-default elementor-section-height-default\" data-id=\"846ddb2\" data-element_type=\"section\" data-e-type=\"section\">\n\t\t\t\t\t\t<div class=\"elementor-container elementor-column-gap-default\">\n\t\t\t\t\t<div class=\"elementor-column elementor-col-100 elementor-top-column elementor-element elementor-element-ddd4e58\" data-id=\"ddd4e58\" data-element_type=\"column\" data-e-type=\"column\">\n\t\t\t<div class=\"elementor-widget-wrap elementor-element-populated\">\n\t\t\t\t\t\t<div class=\"elementor-element elementor-element-fa463eb elementor-widget elementor-widget-heading\" data-id=\"fa463eb\" data-element_type=\"widget\" data-e-type=\"widget\" data-widget_type=\"heading.default\">\n\t\t\t\t<div class=\"elementor-widget-container\">\n\t\t\t\t\t<h2 class=\"elementor-heading-title elementor-size-default\">Haz un impacto<\/h2>\t\t\t\t<\/div>\n\t\t\t\t<\/div>\n\t\t\t\t\t<\/div>\n\t\t<\/div>\n\t\t\t\t\t<\/div>\n\t\t<\/section>\n\t\t\t\t<section data-particle_enable=\"false\" data-particle-mobile-disabled=\"false\" class=\"elementor-section elementor-top-section elementor-element elementor-element-b30a6a5 elementor-section-boxed elementor-section-height-default elementor-section-height-default\" data-id=\"b30a6a5\" data-element_type=\"section\" data-e-type=\"section\">\n\t\t\t\t\t\t<div class=\"elementor-container elementor-column-gap-default\">\n\t\t\t\t\t<div class=\"elementor-column elementor-col-33 elementor-top-column elementor-element elementor-element-9f17513\" data-id=\"9f17513\" data-element_type=\"column\" data-e-type=\"column\">\n\t\t\t<div class=\"elementor-widget-wrap elementor-element-populated\">\n\t\t\t\t\t\t<div class=\"elementor-element elementor-element-35c7276 elementor-widget elementor-widget-text-editor\" data-id=\"35c7276\" data-element_type=\"widget\" data-e-type=\"widget\" data-widget_type=\"text-editor.default\">\n\t\t\t\t<div class=\"elementor-widget-container\">\n\t\t\t\t\t\t\t\t\t<p>\u00bfQuieres ser parte de este proyecto hist\u00f3rico? \u00bfQuiere tener un impacto en traer prosperidad econ\u00f3mica al lado oeste? \u00a1Puedes! Done ahora a nuestro GoFundMe para ayudar a hacer realidad el sue\u00f1o.<\/p>\t\t\t\t\t\t\t\t<\/div>\n\t\t\t\t<\/div>\n\t\t\t\t\t<\/div>\n\t\t<\/div>\n\t\t\t\t<div class=\"elementor-column elementor-col-33 elementor-top-column elementor-element elementor-element-053f345\" data-id=\"053f345\" data-element_type=\"column\" data-e-type=\"column\">\n\t\t\t<div class=\"elementor-widget-wrap elementor-element-populated\">\n\t\t\t\t\t\t<div class=\"elementor-element elementor-element-bd62310 elementor-align-center elementor-widget elementor-widget-button\" data-id=\"bd62310\" data-element_type=\"widget\" data-e-type=\"widget\" data-widget_type=\"button.default\">\n\t\t\t\t<div class=\"elementor-widget-container\">\n\t\t\t\t\t\t\t\t\t<div class=\"elementor-button-wrapper\">\n\t\t\t\t\t<a class=\"elementor-button elementor-button-link elementor-size-xl\" href=\"https:\/\/secure.givelively.org\/donate\/utah-arts-alliance\/art-castle-fundraiser\" target=\"_blank\">\n\t\t\t\t\t\t<span class=\"elementor-button-content-wrapper\">\n\t\t\t\t\t\t\t\t\t<span class=\"elementor-button-text\">Donaciones<\/span>\n\t\t\t\t\t<\/span>\n\t\t\t\t\t<\/a>\n\t\t\t\t<\/div>\n\t\t\t\t\t\t\t\t<\/div>\n\t\t\t\t<\/div>\n\t\t\t\t\t<\/div>\n\t\t<\/div>\n\t\t\t\t<div class=\"elementor-column elementor-col-33 elementor-top-column elementor-element elementor-element-3a441f4\" data-id=\"3a441f4\" data-element_type=\"column\" data-e-type=\"column\">\n\t\t\t<div class=\"elementor-widget-wrap\">\n\t\t\t\t\t\t\t<\/div>\n\t\t<\/div>\n\t\t\t\t\t<\/div>\n\t\t<\/section>\n\t\t\t\t<\/div>","protected":false},"excerpt":{"rendered":"<p>915 W 100 S, Salt Lake City, UT 84104 What is The Art Castle Project? Historic Preservation Community Art Center Performing Arts Center Immersive Art Attraction Sculpture Garden https:\/\/www.youtube.com\/watch?v=rQvEaTbhKrM The Art Castle is a project by Utah Arts Alliance to acquire, preserve, renovate, and activate the historic 120-year-old 15th Ward Chapel located at 915 West [&hellip;]<\/p>\n","protected":false},"author":1,"featured_media":0,"parent":0,"menu_order":0,"comment_status":"closed","ping_status":"closed","template":"","meta":{"_acf_changed":false,"give_campaign_id":0,"_mi_skip_tracking":false,"_monsterinsights_sitenote_active":false,"_monsterinsights_sitenote_note":"","_monsterinsights_sitenote_category":0,"footnotes":""},"class_list":["post-3621","page","type-page","status-publish","hentry"],"acf":[],"campaignId":"","_links":{"self":[{"href":"https:\/\/utaharts.org\/es\/wp-json\/wp\/v2\/pages\/3621","targetHints":{"allow":["GET"]}}],"collection":[{"href":"https:\/\/utaharts.org\/es\/wp-json\/wp\/v2\/pages"}],"about":[{"href":"https:\/\/utaharts.org\/es\/wp-json\/wp\/v2\/types\/page"}],"author":[{"embeddable":true,"href":"https:\/\/utaharts.org\/es\/wp-json\/wp\/v2\/users\/1"}],"replies":[{"embeddable":true,"href":"https:\/\/utaharts.org\/es\/wp-json\/wp\/v2\/comments?post=3621"}],"version-history":[{"count":2,"href":"https:\/\/utaharts.org\/es\/wp-json\/wp\/v2\/pages\/3621\/revisions"}],"predecessor-version":[{"id":14162,"href":"https:\/\/utaharts.org\/es\/wp-json\/wp\/v2\/pages\/3621\/revisions\/14162"}],"wp:attachment":[{"href":"https:\/\/utaharts.org\/es\/wp-json\/wp\/v2\/media?parent=3621"}],"curies":[{"name":"wp","href":"https:\/\/api.w.org\/{rel}","templated":true}]}}